{"id":25052,"date":"2024-01-27T10:23:07","date_gmt":"2024-01-27T09:23:07","guid":{"rendered":"https:\/\/www.grandseducteur.com\/blog\/about-us\/"},"modified":"2025-03-02T11:44:28","modified_gmt":"2025-03-02T10:44:28","slug":"a-propos","status":"publish","type":"page","link":"https:\/\/www.grandseducteur.com\/blog\/a-propos\/","title":{"rendered":"\u00c0 propos"},"content":{"rendered":"\n<p><style>\/*! elementor - v3.18.0 - 20-12-2023 *\/<br \/>\n.elementor-widget-image{text-align:center}.elementor-widget-image a{display:inline-block}.elementor-widget-image a img[src$=\".svg\"]{width:48px}.elementor-widget-image img{vertical-align:middle;display:inline-block}<\/style><\/p>\n\n\n\n<h2 class=\"wp-block-heading\">Bienvenu sur Grand S\u00e9ducteur, un blog qui vous rendra meilleur<\/h2>\n\n\n\n<p>J\u2019ai cr\u00e9\u00e9 ce blog dans le seul but d\u2019aider les hommes \u00e0 devenir de meilleures personnes en restant eux-m\u00eames, de meilleurs s\u00e9ducteurs, de meilleurs amants, des personnes avec plus de confiance.<\/p>\n\n\n\n<p>Je suis Antoine Bourd, j\u2019aurais aim\u00e9 vous montrer ma t\u00eate, mais la c\u00e9l\u00e9brit\u00e9 n\u2019est pas mon truc, je suis coach de s\u00e9duction depuis sept ans, je me suis toujours int\u00e9ress\u00e9 \u00e0 l\u2019\u00e9tude des hommes et femmes et leurs psychologies, les biais qui guident leurs jours (c\u2019est plus fort que moi LOL).<\/p>\n\n\n\n<p>J\u2019ai toujours \u00e9t\u00e9 un passionn\u00e9 du sexe oppos\u00e9 et je me fixais toujours des d\u00e9fis du genre (draguer la plus belle fille du lyc\u00e9e, de la soir\u00e9e) et j\u2019y arrive toujours alors que beaucoup de personnes sont sur le coup depuis longtemps, c\u2019\u00e9tait un hobby pour moi en plus d\u2019entrer dans des dialogues et en ressortir vainqueur MDR.<\/p>\n\n\n\n<p>j\u2019ai toujours \u00e9t\u00e9 attir\u00e9 par les femmes plus \u00e2g\u00e9es que moi (ou peut-\u00eatre que les femmes plus \u00e2g\u00e9es sont attir\u00e9es par moi, je ne peux le dire), ma premi\u00e8re aventure, c\u2019\u00e9tait \u00e0 l\u2019\u00e2ge de 19 ans, quand je me suis retrouv\u00e9 dans le lit avec une femme de 26 ans que j\u2019ai rencontr\u00e9 dans une f\u00eate de mariage, et depuis j\u2019ai d\u00e9couvert ce milieu des femmes qui connaissent la vie.<\/p>\n\n\n\n<p>C\u2019est plus vendeur pour moi de vous dire que j\u2019\u00e9tais un gar\u00e7on timide, et que j\u2019ai \u00e9volu\u00e9 au fil du temps pour devenir un s\u00e9ducteur pour que vous vous reconnaissiez en moi, mais non, je ne peux pas mentir l\u00e0-dessus, j\u2019\u00e9tais un s\u00e9ducteur depuis l\u2019enfance, donc si vous attendiez que je comprenne quelqu\u2019un de timide ou fragile, je ne suis pas votre homme.<\/p>\n\n\n\n<p>Mais, si vous voulez apprendre :<\/p>\n\n\n\n<ul class=\"wp-block-list\">\n<li>L\u2019art de la drague et de la s\u00e9duction.<\/li>\n\n\n\n<li>Comment devenir l\u2019incarnation de la masculinit\u00e9.<\/li>\n\n\n\n<li>Comment devenir un meilleur amant.<\/li>\n\n\n\n<li>Comment ce fl\u00e9au que sont le porno et la masturbation et se pencher vers de vraie exp\u00e9rience sensuelle.<\/li>\n<\/ul>\n\n\n\n<p>L\u00e0, je serai votre homme.<\/p>\n\n\n\n<p>Sur Grand S\u00e9ducteur, vous trouverez des conseils bien d\u00e9taill\u00e9s sous forme d\u2019articles, et des e-mails pour vous tenir inform\u00e9s des nouvelles, j\u2019ai aussi cr\u00e9\u00e9 un guide pour vous initier \u00e0 l\u2019art de la s\u00e9duction, vous pouvez le t\u00e9l\u00e9charger gratuitement.<\/p>\n\n\n\n<p>Bonne lecture et n\u2019oubliez pas que la vie n\u2019est qu\u2019une sensation.<\/p>\n\n\n\n<p><\/p>\n","protected":false},"excerpt":{"rendered":"<p>Bienvenu sur Grand S\u00e9ducteur, un blog qui vous rendra meilleur J\u2019ai cr\u00e9\u00e9 ce blog dans le seul but d\u2019aider les hommes \u00e0 devenir de meilleures personnes en restant eux-m\u00eames, de meilleurs s\u00e9ducteurs, de meilleurs amants, des personnes avec plus de confiance. Je suis Antoine Bourd, j\u2019aurais aim\u00e9 vous montrer ma t\u00eate, mais la c\u00e9l\u00e9brit\u00e9 n\u2019est &#8230; <a title=\"\u00c0 propos\" class=\"read-more\" href=\"https:\/\/www.grandseducteur.com\/blog\/a-propos\/\" aria-label=\"En savoir plus sur \u00c0 propos\">Lire plus<\/a><\/p>\n","protected":false},"author":2,"featured_media":0,"parent":0,"menu_order":0,"comment_status":"closed","ping_status":"closed","template":"","meta":{"footnotes":""},"class_list":["post-25052","page","type-page","status-publish"],"yoast_head":"<!-- This site is optimized with the Yoast SEO plugin v26.8 - https:\/\/yoast.com\/product\/yoast-seo-wordpress\/ -->\n<title>\u00c0 propos -<\/title>\n<meta name=\"robots\" content=\"index, follow, max-snippet:-1, max-image-preview:large, max-video-preview:-1\" \/>\n<link rel=\"canonical\" href=\"https:\/\/www.grandseducteur.com\/blog\/a-propos\/\" \/>\n<meta property=\"og:locale\" content=\"fr_FR\" \/>\n<meta property=\"og:type\" content=\"article\" \/>\n<meta property=\"og:title\" content=\"\u00c0 propos -\" \/>\n<meta property=\"og:description\" content=\"Bienvenu sur Grand S\u00e9ducteur, un blog qui vous rendra meilleur J\u2019ai cr\u00e9\u00e9 ce blog dans le seul but d\u2019aider les hommes \u00e0 devenir de meilleures personnes en restant eux-m\u00eames, de meilleurs s\u00e9ducteurs, de meilleurs amants, des personnes avec plus de confiance. Je suis Antoine Bourd, j\u2019aurais aim\u00e9 vous montrer ma t\u00eate, mais la c\u00e9l\u00e9brit\u00e9 n\u2019est ... Lire plus\" \/>\n<meta property=\"og:url\" content=\"https:\/\/www.grandseducteur.com\/blog\/a-propos\/\" \/>\n<meta property=\"article:modified_time\" content=\"2025-03-02T10:44:28+00:00\" \/>\n<meta name=\"twitter:card\" content=\"summary_large_image\" \/>\n<meta name=\"twitter:label1\" content=\"Dur\u00e9e de lecture estim\u00e9e\" \/>\n\t<meta name=\"twitter:data1\" content=\"2 minutes\" \/>\n<script type=\"application\/ld+json\" class=\"yoast-schema-graph\">{\"@context\":\"https:\/\/schema.org\",\"@graph\":[{\"@type\":\"WebPage\",\"@id\":\"https:\/\/www.grandseducteur.com\/blog\/a-propos\/\",\"url\":\"https:\/\/www.grandseducteur.com\/blog\/a-propos\/\",\"name\":\"\u00c0 propos -\",\"isPartOf\":{\"@id\":\"https:\/\/www.grandseducteur.com\/blog\/#website\"},\"datePublished\":\"2024-01-27T09:23:07+00:00\",\"dateModified\":\"2025-03-02T10:44:28+00:00\",\"breadcrumb\":{\"@id\":\"https:\/\/www.grandseducteur.com\/blog\/a-propos\/#breadcrumb\"},\"inLanguage\":\"fr-FR\",\"potentialAction\":[{\"@type\":\"ReadAction\",\"target\":[\"https:\/\/www.grandseducteur.com\/blog\/a-propos\/\"]}]},{\"@type\":\"BreadcrumbList\",\"@id\":\"https:\/\/www.grandseducteur.com\/blog\/a-propos\/#breadcrumb\",\"itemListElement\":[{\"@type\":\"ListItem\",\"position\":1,\"name\":\"La bible de la s\u00e9duction\",\"item\":\"https:\/\/www.grandseducteur.com\/blog\/\"},{\"@type\":\"ListItem\",\"position\":2,\"name\":\"\u00c0 propos\"}]},{\"@type\":\"WebSite\",\"@id\":\"https:\/\/www.grandseducteur.com\/blog\/#website\",\"url\":\"https:\/\/www.grandseducteur.com\/blog\/\",\"name\":\"grand seducteur\",\"description\":\"La bible de la s\u00e9duction\",\"publisher\":{\"@id\":\"https:\/\/www.grandseducteur.com\/blog\/#organization\"},\"potentialAction\":[{\"@type\":\"SearchAction\",\"target\":{\"@type\":\"EntryPoint\",\"urlTemplate\":\"https:\/\/www.grandseducteur.com\/blog\/?s={search_term_string}\"},\"query-input\":{\"@type\":\"PropertyValueSpecification\",\"valueRequired\":true,\"valueName\":\"search_term_string\"}}],\"inLanguage\":\"fr-FR\"},{\"@type\":\"Organization\",\"@id\":\"https:\/\/www.grandseducteur.com\/blog\/#organization\",\"name\":\"Grand Seducteur\",\"url\":\"https:\/\/www.grandseducteur.com\/blog\/\",\"logo\":{\"@type\":\"ImageObject\",\"inLanguage\":\"fr-FR\",\"@id\":\"https:\/\/www.grandseducteur.com\/blog\/#\/schema\/logo\/image\/\",\"url\":\"\",\"contentUrl\":\"\",\"caption\":\"Grand Seducteur\"},\"image\":{\"@id\":\"https:\/\/www.grandseducteur.com\/blog\/#\/schema\/logo\/image\/\"},\"sameAs\":[\"https:\/\/pin.it\/3AhRp8y\"]}]}<\/script>\n<!-- \/ Yoast SEO plugin. -->","yoast_head_json":{"title":"\u00c0 propos -","robots":{"index":"index","follow":"follow","max-snippet":"max-snippet:-1","max-image-preview":"max-image-preview:large","max-video-preview":"max-video-preview:-1"},"canonical":"https:\/\/www.grandseducteur.com\/blog\/a-propos\/","og_locale":"fr_FR","og_type":"article","og_title":"\u00c0 propos -","og_description":"Bienvenu sur Grand S\u00e9ducteur, un blog qui vous rendra meilleur J\u2019ai cr\u00e9\u00e9 ce blog dans le seul but d\u2019aider les hommes \u00e0 devenir de meilleures personnes en restant eux-m\u00eames, de meilleurs s\u00e9ducteurs, de meilleurs amants, des personnes avec plus de confiance. Je suis Antoine Bourd, j\u2019aurais aim\u00e9 vous montrer ma t\u00eate, mais la c\u00e9l\u00e9brit\u00e9 n\u2019est ... Lire plus","og_url":"https:\/\/www.grandseducteur.com\/blog\/a-propos\/","article_modified_time":"2025-03-02T10:44:28+00:00","twitter_card":"summary_large_image","twitter_misc":{"Dur\u00e9e de lecture estim\u00e9e":"2 minutes"},"schema":{"@context":"https:\/\/schema.org","@graph":[{"@type":"WebPage","@id":"https:\/\/www.grandseducteur.com\/blog\/a-propos\/","url":"https:\/\/www.grandseducteur.com\/blog\/a-propos\/","name":"\u00c0 propos -","isPartOf":{"@id":"https:\/\/www.grandseducteur.com\/blog\/#website"},"datePublished":"2024-01-27T09:23:07+00:00","dateModified":"2025-03-02T10:44:28+00:00","breadcrumb":{"@id":"https:\/\/www.grandseducteur.com\/blog\/a-propos\/#breadcrumb"},"inLanguage":"fr-FR","potentialAction":[{"@type":"ReadAction","target":["https:\/\/www.grandseducteur.com\/blog\/a-propos\/"]}]},{"@type":"BreadcrumbList","@id":"https:\/\/www.grandseducteur.com\/blog\/a-propos\/#breadcrumb","itemListElement":[{"@type":"ListItem","position":1,"name":"La bible de la s\u00e9duction","item":"https:\/\/www.grandseducteur.com\/blog\/"},{"@type":"ListItem","position":2,"name":"\u00c0 propos"}]},{"@type":"WebSite","@id":"https:\/\/www.grandseducteur.com\/blog\/#website","url":"https:\/\/www.grandseducteur.com\/blog\/","name":"grand seducteur","description":"La bible de la s\u00e9duction","publisher":{"@id":"https:\/\/www.grandseducteur.com\/blog\/#organization"},"potentialAction":[{"@type":"SearchAction","target":{"@type":"EntryPoint","urlTemplate":"https:\/\/www.grandseducteur.com\/blog\/?s={search_term_string}"},"query-input":{"@type":"PropertyValueSpecification","valueRequired":true,"valueName":"search_term_string"}}],"inLanguage":"fr-FR"},{"@type":"Organization","@id":"https:\/\/www.grandseducteur.com\/blog\/#organization","name":"Grand Seducteur","url":"https:\/\/www.grandseducteur.com\/blog\/","logo":{"@type":"ImageObject","inLanguage":"fr-FR","@id":"https:\/\/www.grandseducteur.com\/blog\/#\/schema\/logo\/image\/","url":"","contentUrl":"","caption":"Grand Seducteur"},"image":{"@id":"https:\/\/www.grandseducteur.com\/blog\/#\/schema\/logo\/image\/"},"sameAs":["https:\/\/pin.it\/3AhRp8y"]}]}},"_links":{"self":[{"href":"https:\/\/www.grandseducteur.com\/blog\/wp-json\/wp\/v2\/pages\/25052","targetHints":{"allow":["GET"]}}],"collection":[{"href":"https:\/\/www.grandseducteur.com\/blog\/wp-json\/wp\/v2\/pages"}],"about":[{"href":"https:\/\/www.grandseducteur.com\/blog\/wp-json\/wp\/v2\/types\/page"}],"author":[{"embeddable":true,"href":"https:\/\/www.grandseducteur.com\/blog\/wp-json\/wp\/v2\/users\/2"}],"replies":[{"embeddable":true,"href":"https:\/\/www.grandseducteur.com\/blog\/wp-json\/wp\/v2\/comments?post=25052"}],"version-history":[{"count":2,"href":"https:\/\/www.grandseducteur.com\/blog\/wp-json\/wp\/v2\/pages\/25052\/revisions"}],"predecessor-version":[{"id":26622,"href":"https:\/\/www.grandseducteur.com\/blog\/wp-json\/wp\/v2\/pages\/25052\/revisions\/26622"}],"wp:attachment":[{"href":"https:\/\/www.grandseducteur.com\/blog\/wp-json\/wp\/v2\/media?parent=25052"}],"curies":[{"name":"wp","href":"https:\/\/api.w.org\/{rel}","templated":true}]}}