{"id":27588,"date":"2025-07-12T11:51:08","date_gmt":"2025-07-12T09:51:08","guid":{"rendered":"https:\/\/www.grandseducteur.com\/?page_id=27588"},"modified":"2025-07-12T11:51:08","modified_gmt":"2025-07-12T09:51:08","slug":"les-jeux-de-casino-les-plus-populaires-sur-1win-en-cote-divoire","status":"publish","type":"page","link":"https:\/\/www.grandseducteur.com\/blog\/les-jeux-de-casino-les-plus-populaires-sur-1win-en-cote-divoire\/","title":{"rendered":"Les Jeux de Casino les Plus Populaires sur 1Win parmi les Utilisateurs de C\u00f4te d&rsquo;Ivoire"},"content":{"rendered":"\n<p>1Win est l&rsquo;un des principaux repr\u00e9sentants en mati\u00e8re de jeux d&rsquo;argent dans le monde et en C\u00f4te d&rsquo;Ivoire. Il se concentre sur les services de casino, en s&rsquo;associant avec les plus grands fournisseurs agr\u00e9\u00e9s et en donnant aux utilisateurs l&rsquo;acc\u00e8s \u00e0 plus de 10 000 jeux diff\u00e9rents. Vous pouvez y jouer \u00e0 diff\u00e9rents types de machines \u00e0 sous, \u00e0 des jackpots de casino LIVE, \u00e0 des jeux de hasard, \u00e0 des jeux de table et \u00e0 bien d&rsquo;autres choses encore.&nbsp;<\/p>\n\n\n\n<p>Rejoignez le casino <a href=\"https:\/\/1winofficiel.ci\/\">OneWin<\/a>, cr\u00e9ez votre compte personnel et recevez un bonus de bienvenue allant jusqu&rsquo;\u00e0 356 340 XOF.<\/p>\n\n\n\n<h2 class=\"wp-block-heading\">Types de jeux sur 1Win Casino<\/h2>\n\n\n\n<p>1Win propose actuellement des milliers de jeux de casino dans une grande vari\u00e9t\u00e9 de genres. La plate-forme coop\u00e8re directement avec tous les fournisseurs de logiciels populaires tels que JILI, GDB, Evolution, Microgaming et d&rsquo;autres. Si vous connaissez vos go\u00fbts, vous pouvez utiliser les filtres et la barre de recherche.<\/p>\n\n\n\n<p>Voici les principaux types de jeux auxquels vous pouvez jouer :<\/p>\n\n\n\n<h3 class=\"wp-block-heading\">Machines \u00e0 sous<\/h3>\n\n\n\n<p>La liste des machines \u00e0 sous disponibles sur 1Win surprendra tous les amateurs de casino. Il y a beaucoup de machines \u00e0 sous avec des visuels \u00e9poustouflants, des histoires captivantes et des fonctions utiles. Voici quelques-unes des machines \u00e0 sous les plus populaires :<\/p>\n\n\n\n<ul class=\"wp-block-list\">\n<li>Alice WonderLuck ;<\/li>\n\n\n\n<li>Aztec Magic Bonanza ;<\/li>\n\n\n\n<li>San Quentin ;<\/li>\n\n\n\n<li>Billie Wild et bien d&rsquo;autres encore.<\/li>\n<\/ul>\n\n\n\n<h3 class=\"wp-block-heading\">Jeux rapides<\/h3>\n\n\n\n<p>Les jeux rapides sont de plus en plus populaires, \u00e0 la fois pour leur simplicit\u00e9 et pour le fait qu&rsquo;il appartient en grande partie \u00e0 l&rsquo;utilisateur de d\u00e9cider s&rsquo;il gagne ou s&rsquo;il perd. Le casino dispose d&rsquo;une vaste s\u00e9lection de jeux de ce genre :<\/p>\n\n\n\n<ul class=\"wp-block-list\">\n<li>Aviator ;<\/li>\n\n\n\n<li>Lucky Jet ;<\/li>\n\n\n\n<li>Mines ;<\/li>\n\n\n\n<li>JetX et autres.<\/li>\n<\/ul>\n\n\n\n<h3 class=\"wp-block-heading\">Casino en direct&nbsp;<\/h3>\n\n\n\n<p>Cette section contient tous les jeux avec croupiers en direct, o\u00f9 les tours sont jou\u00e9s en temps r\u00e9el et o\u00f9 les joueurs regardent le jeu par le biais d&rsquo;un flux en direct. Les mises sont plac\u00e9es \u00e0 l&rsquo;aide de boutons virtuels pratiques. Voici les jeux les plus appr\u00e9ci\u00e9s des joueurs :<\/p>\n\n\n\n<ul class=\"wp-block-list\">\n<li>Showtime Roulette ;<\/li>\n\n\n\n<li>Oasis Blackjack ;<\/li>\n\n\n\n<li>Gravity Sic Bo ;<\/li>\n\n\n\n<li>Speed Baccarat et plus encore.<\/li>\n<\/ul>\n\n\n\n<h2 class=\"wp-block-heading\">Top 1Win Games<\/h2>\n\n\n\n<p>1Win propose une vaste s\u00e9lection de jeux con\u00e7us pour divertir les joueurs dans toutes les directions. Voici un aper\u00e7u des jeux de casino les plus populaires parmi les joueurs de C\u00f4te d&rsquo;Ivoire :<\/p>\n\n\n\n<h3 class=\"wp-block-heading\">Gates of Olympus<\/h3>\n\n\n\n<p>Cr\u00e9\u00e9e par Pragmatic Play, Gates of Olympus est l&rsquo;une des machines \u00e0 sous les plus jou\u00e9es sur 1Win. Avec une grille de 6&#215;5 et un syst\u00e8me de \u00ab paiement partout \u00bb, les joueurs gagnent en obtenant au moins 8 symboles correspondants. Le RTP du jeu est de 96,50 % et des multiplicateurs al\u00e9atoires allant jusqu&rsquo;\u00e0 500x peuvent augmenter consid\u00e9rablement les gains pendant les tours gratuits.<\/p>\n\n\n\n<h3 class=\"wp-block-heading\">Sweet Bonanza<\/h3>\n\n\n\n<p>Sweet Bonanza est un autre succ\u00e8s de Pragmatic Play. Elle se caract\u00e9rise par un design visuel lumineux et un th\u00e8me de bonbons. La machine \u00e0 sous utilise un m\u00e9canisme de rouleaux tournants o\u00f9 apr\u00e8s chaque gain, les symboles disparaissent, permettant \u00e0 de nouveaux symboles de tomber \u00e0 leur place. Avec un RTP \u00e9lev\u00e9 de 96,51 % et des multiplicateurs g\u00e9n\u00e9reux pendant les tours gratuits, cette machine \u00e0 sous est id\u00e9ale pour ceux qui aiment les jeux rapides.<\/p>\n\n\n\n<h3 class=\"wp-block-heading\">Lucky Jet<\/h3>\n\n\n\n<p>Lucky Jet est l&rsquo;un des meilleurs jeux de crash sur 1Win, particuli\u00e8rement populaire aupr\u00e8s des utilisateurs de C\u00f4te d&rsquo;Ivoire. Les joueurs placent une mise avant qu&rsquo;un personnage \u00e9quip\u00e9 d&rsquo;un jetpack ne d\u00e9colle, et le multiplicateur augmente au fur et \u00e0 mesure qu&rsquo;il s&rsquo;envole. Le d\u00e9fi consiste \u00e0 encaisser avant qu&rsquo;il ne disparaisse. Avec un RTP d&rsquo;environ 97 %, il s&rsquo;agit d&rsquo;une combinaison passionnante de risque et de r\u00e9compense.<\/p>\n\n\n\n<h3 class=\"wp-block-heading\">Squeeze Baccarat<\/h3>\n\n\n\n<p>Pour les amateurs de jeux de table en direct, Squeeze Baccarat est un jeu de casino classique avec une touche suppl\u00e9mentaire. Propos\u00e9e par les principaux fournisseurs, cette version r\u00e9v\u00e8le les cartes lentement pour augmenter la tension avant le r\u00e9sultat. Elle suit les r\u00e8gles standard du baccara et est disponible avec diff\u00e9rentes limites de mise, ce qui la rend accessible \u00e0 tous les types de joueurs.<\/p>\n\n\n\n<h3 class=\"wp-block-heading\">Roulette<\/h3>\n\n\n\n<p>La roulette classique reste un favori pour les joueurs qui aiment la strat\u00e9gie et le hasard. Cette version utilise un format europ\u00e9en avec un z\u00e9ro et un RTP d&rsquo;environ 97,30 %. L&rsquo;interface fluide et le design r\u00e9aliste des tables de 1Win vous donnent l&rsquo;impression de jouer dans un vrai casino.<\/p>\n\n\n\n<h3 class=\"wp-block-heading\">Dragon Tiger<\/h3>\n\n\n\n<p>Dragon Tiger est une alternative simplifi\u00e9e au baccarat, populaire pour sa rapidit\u00e9 et sa facilit\u00e9. Les joueurs parient sur la carte la plus haute de la main &#8211; le Dragon ou le Tigre. Avec seulement deux cartes, les r\u00e9sultats sont rapides, ce qui rend ce jeu id\u00e9al pour les joueurs qui pr\u00e9f\u00e8rent les tours courts et les r\u00e8gles simples.<\/p>\n\n\n\n<h2 class=\"wp-block-heading\">Comment commencer \u00e0 jouer ?<\/h2>\n\n\n\n<p>Tout utilisateur \u00e2g\u00e9 de plus de 18 ans peut commencer \u00e0 jouer sur 1Win Casino. Suivez les instructions \u00e9tape par \u00e9tape pour \u00e9viter les difficult\u00e9s :<\/p>\n\n\n\n<ol class=\"wp-block-list\">\n<li>Ouvrez le site Web de 1Win ou lancez l&rsquo;application mobile ;<\/li>\n\n\n\n<li>Cliquez sur le bouton d&rsquo;inscription, s\u00e9lectionnez la m\u00e9thode d&rsquo;inscription et remplissez le formulaire ;<\/li>\n\n\n\n<li>Cliquez sur le bouton \u00ab D\u00e9p\u00f4t \u00bb et s\u00e9lectionnez une m\u00e9thode de paiement. Saisissez le montant et les autres donn\u00e9es et confirmez l&rsquo;op\u00e9ration sur la page du syst\u00e8me de paiement ;<\/li>\n\n\n\n<li>Allez dans la section du jeu d\u00e9sir\u00e9 et s\u00e9lectionnez sur la page le jeu de casino auquel vous voulez jouer. Vous pouvez \u00e9galement utiliser la barre de recherche pratique ;<\/li>\n\n\n\n<li>Vous devez maintenant d\u00e9cider du montant de la mise et effectuer un tour (s&rsquo;il s&rsquo;agit d&rsquo;un jeu de machines \u00e0 sous) ou un pari (s&rsquo;il s&rsquo;agit d&rsquo;un jeu en direct).<\/li>\n<\/ol>\n\n\n\n<p>Tous les gains obtenus en jouant au casino 1Win seront imm\u00e9diatement cr\u00e9dit\u00e9s sur votre solde et vous pourrez les retirer \u00e0 tout moment.<\/p>\n\n\n\n<h2 class=\"wp-block-heading\">FAQ<\/h2>\n\n\n\n<h3 class=\"wp-block-heading\">Est-il possible de jouer au casino en mode d\u00e9mo ?<\/h3>\n\n\n\n<p>Oui, les joueurs peuvent essayer la plupart des jeux en mode d\u00e9mo avant de placer des paris en argent r\u00e9el. Cette fonction vous permet de vous entra\u00eener et d&rsquo;apprendre les m\u00e9canismes du jeu sans risque.<\/p>\n\n\n\n<h3 class=\"wp-block-heading\">Puis-je jouer aux m\u00eames jeux de casino en ligne en utilisant l&rsquo;application mobile 1Win ?<\/h3>\n\n\n\n<p>L&rsquo;application 1Win permet d&rsquo;acc\u00e9der \u00e0 l&rsquo;ensemble des jeux de casino en ligne disponibles sur le site officiel.<\/p>\n\n\n\n<h3 class=\"wp-block-heading\">Quels sont les avantages du casino en ligne 1Win ?<\/h3>\n\n\n\n<p>1Win propose une grande vari\u00e9t\u00e9 de jeux, des bonus g\u00e9n\u00e9reux et une interface conviviale. Les joueurs b\u00e9n\u00e9ficient \u00e9galement de RTP \u00e9lev\u00e9s, de m\u00e9thodes de paiement fiables et d&rsquo;un service client\u00e8le disponible 24 heures sur 24 et 7 jours sur 7.<\/p>\n","protected":false},"excerpt":{"rendered":"<p>1Win est l&rsquo;un des principaux repr\u00e9sentants en mati\u00e8re de jeux d&rsquo;argent dans le monde et en C\u00f4te d&rsquo;Ivoire. Il se concentre sur les services de casino, en s&rsquo;associant avec les plus grands fournisseurs agr\u00e9\u00e9s et en donnant aux utilisateurs l&rsquo;acc\u00e8s \u00e0 plus de 10 000 jeux diff\u00e9rents. Vous pouvez y jouer \u00e0 diff\u00e9rents types de &#8230; <a title=\"Les Jeux de Casino les Plus Populaires sur 1Win parmi les Utilisateurs de C\u00f4te d&rsquo;Ivoire\" class=\"read-more\" href=\"https:\/\/www.grandseducteur.com\/blog\/les-jeux-de-casino-les-plus-populaires-sur-1win-en-cote-divoire\/\" aria-label=\"En savoir plus sur Les Jeux de Casino les Plus Populaires sur 1Win parmi les Utilisateurs de C\u00f4te d&rsquo;Ivoire\">Lire plus<\/a><\/p>\n","protected":false},"author":2,"featured_media":27589,"parent":0,"menu_order":0,"comment_status":"closed","ping_status":"closed","template":"","meta":{"footnotes":""},"class_list":["post-27588","page","type-page","status-publish","has-post-thumbnail"],"yoast_head":"<!-- This site is optimized with the Yoast SEO plugin v26.8 - https:\/\/yoast.com\/product\/yoast-seo-wordpress\/ -->\n<title>Les Jeux de Casino les Plus Populaires sur 1Win en C\u00f4te d&#039;Ivoire<\/title>\n<meta name=\"description\" content=\"Sur 1Win, vous pouvez jouer \u00e0 diff\u00e9rents types de machines \u00e0 sous, \u00e0 des jackpots LIVE, \u00e0 des jeux de hasard, \u00e0 des jeux de table et bien plus encore.\" \/>\n<meta name=\"robots\" content=\"index, follow, max-snippet:-1, max-image-preview:large, max-video-preview:-1\" \/>\n<link rel=\"canonical\" href=\"https:\/\/www.grandseducteur.com\/blog\/les-jeux-de-casino-les-plus-populaires-sur-1win-en-cote-divoire\/\" \/>\n<meta property=\"og:locale\" content=\"fr_FR\" \/>\n<meta property=\"og:type\" content=\"article\" \/>\n<meta property=\"og:title\" content=\"Les Jeux de Casino les Plus Populaires sur 1Win en C\u00f4te d&#039;Ivoire\" \/>\n<meta property=\"og:description\" content=\"Sur 1Win, vous pouvez jouer \u00e0 diff\u00e9rents types de machines \u00e0 sous, \u00e0 des jackpots LIVE, \u00e0 des jeux de hasard, \u00e0 des jeux de table et bien plus encore.\" \/>\n<meta property=\"og:url\" content=\"https:\/\/www.grandseducteur.com\/blog\/les-jeux-de-casino-les-plus-populaires-sur-1win-en-cote-divoire\/\" \/>\n<meta property=\"og:image\" content=\"https:\/\/www.grandseducteur.com\/blog\/wp-content\/uploads\/2025\/05\/Sans-titre.jpg\" \/>\n\t<meta property=\"og:image:width\" content=\"592\" \/>\n\t<meta property=\"og:image:height\" content=\"445\" \/>\n\t<meta property=\"og:image:type\" content=\"image\/jpeg\" \/>\n<meta name=\"twitter:card\" content=\"summary_large_image\" \/>\n<meta name=\"twitter:label1\" content=\"Dur\u00e9e de lecture estim\u00e9e\" \/>\n\t<meta name=\"twitter:data1\" content=\"6 minutes\" \/>\n<script type=\"application\/ld+json\" class=\"yoast-schema-graph\">{\"@context\":\"https:\/\/schema.org\",\"@graph\":[{\"@type\":\"WebPage\",\"@id\":\"https:\/\/www.grandseducteur.com\/blog\/les-jeux-de-casino-les-plus-populaires-sur-1win-en-cote-divoire\/\",\"url\":\"https:\/\/www.grandseducteur.com\/blog\/les-jeux-de-casino-les-plus-populaires-sur-1win-en-cote-divoire\/\",\"name\":\"Les Jeux de Casino les Plus Populaires sur 1Win en C\u00f4te d'Ivoire\",\"isPartOf\":{\"@id\":\"https:\/\/www.grandseducteur.com\/blog\/#website\"},\"primaryImageOfPage\":{\"@id\":\"https:\/\/www.grandseducteur.com\/blog\/les-jeux-de-casino-les-plus-populaires-sur-1win-en-cote-divoire\/#primaryimage\"},\"image\":{\"@id\":\"https:\/\/www.grandseducteur.com\/blog\/les-jeux-de-casino-les-plus-populaires-sur-1win-en-cote-divoire\/#primaryimage\"},\"thumbnailUrl\":\"https:\/\/www.grandseducteur.com\/blog\/wp-content\/uploads\/2025\/05\/Sans-titre.jpg\",\"datePublished\":\"2025-07-12T09:51:08+00:00\",\"description\":\"Sur 1Win, vous pouvez jouer \u00e0 diff\u00e9rents types de machines \u00e0 sous, \u00e0 des jackpots LIVE, \u00e0 des jeux de hasard, \u00e0 des jeux de table et bien plus encore.\",\"breadcrumb\":{\"@id\":\"https:\/\/www.grandseducteur.com\/blog\/les-jeux-de-casino-les-plus-populaires-sur-1win-en-cote-divoire\/#breadcrumb\"},\"inLanguage\":\"fr-FR\",\"potentialAction\":[{\"@type\":\"ReadAction\",\"target\":[\"https:\/\/www.grandseducteur.com\/blog\/les-jeux-de-casino-les-plus-populaires-sur-1win-en-cote-divoire\/\"]}]},{\"@type\":\"ImageObject\",\"inLanguage\":\"fr-FR\",\"@id\":\"https:\/\/www.grandseducteur.com\/blog\/les-jeux-de-casino-les-plus-populaires-sur-1win-en-cote-divoire\/#primaryimage\",\"url\":\"https:\/\/www.grandseducteur.com\/blog\/wp-content\/uploads\/2025\/05\/Sans-titre.jpg\",\"contentUrl\":\"https:\/\/www.grandseducteur.com\/blog\/wp-content\/uploads\/2025\/05\/Sans-titre.jpg\",\"width\":592,\"height\":445},{\"@type\":\"BreadcrumbList\",\"@id\":\"https:\/\/www.grandseducteur.com\/blog\/les-jeux-de-casino-les-plus-populaires-sur-1win-en-cote-divoire\/#breadcrumb\",\"itemListElement\":[{\"@type\":\"ListItem\",\"position\":1,\"name\":\"La bible de la s\u00e9duction\",\"item\":\"https:\/\/www.grandseducteur.com\/blog\/\"},{\"@type\":\"ListItem\",\"position\":2,\"name\":\"Les Jeux de Casino les Plus Populaires sur 1Win parmi les Utilisateurs de C\u00f4te d&rsquo;Ivoire\"}]},{\"@type\":\"WebSite\",\"@id\":\"https:\/\/www.grandseducteur.com\/blog\/#website\",\"url\":\"https:\/\/www.grandseducteur.com\/blog\/\",\"name\":\"grand seducteur\",\"description\":\"La bible de la s\u00e9duction\",\"publisher\":{\"@id\":\"https:\/\/www.grandseducteur.com\/blog\/#organization\"},\"potentialAction\":[{\"@type\":\"SearchAction\",\"target\":{\"@type\":\"EntryPoint\",\"urlTemplate\":\"https:\/\/www.grandseducteur.com\/blog\/?s={search_term_string}\"},\"query-input\":{\"@type\":\"PropertyValueSpecification\",\"valueRequired\":true,\"valueName\":\"search_term_string\"}}],\"inLanguage\":\"fr-FR\"},{\"@type\":\"Organization\",\"@id\":\"https:\/\/www.grandseducteur.com\/blog\/#organization\",\"name\":\"Grand Seducteur\",\"url\":\"https:\/\/www.grandseducteur.com\/blog\/\",\"logo\":{\"@type\":\"ImageObject\",\"inLanguage\":\"fr-FR\",\"@id\":\"https:\/\/www.grandseducteur.com\/blog\/#\/schema\/logo\/image\/\",\"url\":\"\",\"contentUrl\":\"\",\"caption\":\"Grand Seducteur\"},\"image\":{\"@id\":\"https:\/\/www.grandseducteur.com\/blog\/#\/schema\/logo\/image\/\"},\"sameAs\":[\"https:\/\/pin.it\/3AhRp8y\"]}]}<\/script>\n<!-- \/ Yoast SEO plugin. -->","yoast_head_json":{"title":"Les Jeux de Casino les Plus Populaires sur 1Win en C\u00f4te d'Ivoire","description":"Sur 1Win, vous pouvez jouer \u00e0 diff\u00e9rents types de machines \u00e0 sous, \u00e0 des jackpots LIVE, \u00e0 des jeux de hasard, \u00e0 des jeux de table et bien plus encore.","robots":{"index":"index","follow":"follow","max-snippet":"max-snippet:-1","max-image-preview":"max-image-preview:large","max-video-preview":"max-video-preview:-1"},"canonical":"https:\/\/www.grandseducteur.com\/blog\/les-jeux-de-casino-les-plus-populaires-sur-1win-en-cote-divoire\/","og_locale":"fr_FR","og_type":"article","og_title":"Les Jeux de Casino les Plus Populaires sur 1Win en C\u00f4te d'Ivoire","og_description":"Sur 1Win, vous pouvez jouer \u00e0 diff\u00e9rents types de machines \u00e0 sous, \u00e0 des jackpots LIVE, \u00e0 des jeux de hasard, \u00e0 des jeux de table et bien plus encore.","og_url":"https:\/\/www.grandseducteur.com\/blog\/les-jeux-de-casino-les-plus-populaires-sur-1win-en-cote-divoire\/","og_image":[{"width":592,"height":445,"url":"https:\/\/www.grandseducteur.com\/blog\/wp-content\/uploads\/2025\/05\/Sans-titre.jpg","type":"image\/jpeg"}],"twitter_card":"summary_large_image","twitter_misc":{"Dur\u00e9e de lecture estim\u00e9e":"6 minutes"},"schema":{"@context":"https:\/\/schema.org","@graph":[{"@type":"WebPage","@id":"https:\/\/www.grandseducteur.com\/blog\/les-jeux-de-casino-les-plus-populaires-sur-1win-en-cote-divoire\/","url":"https:\/\/www.grandseducteur.com\/blog\/les-jeux-de-casino-les-plus-populaires-sur-1win-en-cote-divoire\/","name":"Les Jeux de Casino les Plus Populaires sur 1Win en C\u00f4te d'Ivoire","isPartOf":{"@id":"https:\/\/www.grandseducteur.com\/blog\/#website"},"primaryImageOfPage":{"@id":"https:\/\/www.grandseducteur.com\/blog\/les-jeux-de-casino-les-plus-populaires-sur-1win-en-cote-divoire\/#primaryimage"},"image":{"@id":"https:\/\/www.grandseducteur.com\/blog\/les-jeux-de-casino-les-plus-populaires-sur-1win-en-cote-divoire\/#primaryimage"},"thumbnailUrl":"https:\/\/www.grandseducteur.com\/blog\/wp-content\/uploads\/2025\/05\/Sans-titre.jpg","datePublished":"2025-07-12T09:51:08+00:00","description":"Sur 1Win, vous pouvez jouer \u00e0 diff\u00e9rents types de machines \u00e0 sous, \u00e0 des jackpots LIVE, \u00e0 des jeux de hasard, \u00e0 des jeux de table et bien plus encore.","breadcrumb":{"@id":"https:\/\/www.grandseducteur.com\/blog\/les-jeux-de-casino-les-plus-populaires-sur-1win-en-cote-divoire\/#breadcrumb"},"inLanguage":"fr-FR","potentialAction":[{"@type":"ReadAction","target":["https:\/\/www.grandseducteur.com\/blog\/les-jeux-de-casino-les-plus-populaires-sur-1win-en-cote-divoire\/"]}]},{"@type":"ImageObject","inLanguage":"fr-FR","@id":"https:\/\/www.grandseducteur.com\/blog\/les-jeux-de-casino-les-plus-populaires-sur-1win-en-cote-divoire\/#primaryimage","url":"https:\/\/www.grandseducteur.com\/blog\/wp-content\/uploads\/2025\/05\/Sans-titre.jpg","contentUrl":"https:\/\/www.grandseducteur.com\/blog\/wp-content\/uploads\/2025\/05\/Sans-titre.jpg","width":592,"height":445},{"@type":"BreadcrumbList","@id":"https:\/\/www.grandseducteur.com\/blog\/les-jeux-de-casino-les-plus-populaires-sur-1win-en-cote-divoire\/#breadcrumb","itemListElement":[{"@type":"ListItem","position":1,"name":"La bible de la s\u00e9duction","item":"https:\/\/www.grandseducteur.com\/blog\/"},{"@type":"ListItem","position":2,"name":"Les Jeux de Casino les Plus Populaires sur 1Win parmi les Utilisateurs de C\u00f4te d&rsquo;Ivoire"}]},{"@type":"WebSite","@id":"https:\/\/www.grandseducteur.com\/blog\/#website","url":"https:\/\/www.grandseducteur.com\/blog\/","name":"grand seducteur","description":"La bible de la s\u00e9duction","publisher":{"@id":"https:\/\/www.grandseducteur.com\/blog\/#organization"},"potentialAction":[{"@type":"SearchAction","target":{"@type":"EntryPoint","urlTemplate":"https:\/\/www.grandseducteur.com\/blog\/?s={search_term_string}"},"query-input":{"@type":"PropertyValueSpecification","valueRequired":true,"valueName":"search_term_string"}}],"inLanguage":"fr-FR"},{"@type":"Organization","@id":"https:\/\/www.grandseducteur.com\/blog\/#organization","name":"Grand Seducteur","url":"https:\/\/www.grandseducteur.com\/blog\/","logo":{"@type":"ImageObject","inLanguage":"fr-FR","@id":"https:\/\/www.grandseducteur.com\/blog\/#\/schema\/logo\/image\/","url":"","contentUrl":"","caption":"Grand Seducteur"},"image":{"@id":"https:\/\/www.grandseducteur.com\/blog\/#\/schema\/logo\/image\/"},"sameAs":["https:\/\/pin.it\/3AhRp8y"]}]}},"_links":{"self":[{"href":"https:\/\/www.grandseducteur.com\/blog\/wp-json\/wp\/v2\/pages\/27588","targetHints":{"allow":["GET"]}}],"collection":[{"href":"https:\/\/www.grandseducteur.com\/blog\/wp-json\/wp\/v2\/pages"}],"about":[{"href":"https:\/\/www.grandseducteur.com\/blog\/wp-json\/wp\/v2\/types\/page"}],"author":[{"embeddable":true,"href":"https:\/\/www.grandseducteur.com\/blog\/wp-json\/wp\/v2\/users\/2"}],"replies":[{"embeddable":true,"href":"https:\/\/www.grandseducteur.com\/blog\/wp-json\/wp\/v2\/comments?post=27588"}],"version-history":[{"count":1,"href":"https:\/\/www.grandseducteur.com\/blog\/wp-json\/wp\/v2\/pages\/27588\/revisions"}],"predecessor-version":[{"id":27590,"href":"https:\/\/www.grandseducteur.com\/blog\/wp-json\/wp\/v2\/pages\/27588\/revisions\/27590"}],"wp:featuredmedia":[{"embeddable":true,"href":"https:\/\/www.grandseducteur.com\/blog\/wp-json\/wp\/v2\/media\/27589"}],"wp:attachment":[{"href":"https:\/\/www.grandseducteur.com\/blog\/wp-json\/wp\/v2\/media?parent=27588"}],"curies":[{"name":"wp","href":"https:\/\/api.w.org\/{rel}","templated":true}]}}