{"id":28006,"date":"2025-07-02T09:02:46","date_gmt":"2025-07-02T07:02:46","guid":{"rendered":"https:\/\/www.grandseducteur.com\/?page_id=28006"},"modified":"2025-07-02T09:03:54","modified_gmt":"2025-07-02T07:03:54","slug":"plinko-a-rtp-eleve-guide-rapide-avant-de-jouer","status":"publish","type":"page","link":"https:\/\/www.grandseducteur.com\/blog\/plinko-a-rtp-eleve-guide-rapide-avant-de-jouer\/","title":{"rendered":"Explorer Plinko \u00e0 RTP \u00e9lev\u00e9 : ce qu\u2019il faut savoir avant de jouer"},"content":{"rendered":"\n<p>La premi\u00e8re fois que vous laissez tomber un jeton de Plinko et que vous entendez des clics aigus r\u00e9sonner sur le plateau, vous \u00eates compl\u00e8tement accroch\u00e9. C&rsquo;est une acc\u00e9l\u00e9ration chaotique compl\u00e8te sous forme de kal\u00e9idoscope. Chaque rebond de la puce ne dure qu&rsquo;une microseconde, mais on a l&rsquo;impression d&rsquo;une mont\u00e9e d&rsquo;adr\u00e9naline en chute libre. Cependant, derri\u00e8re les disques qui tombent et les n\u00e9ons du tableau se cachent des math\u00e9matiques. Si vous ne pensez pas au RTP avant de jouer, vous n&rsquo;\u00eates pas intelligent.<\/p>\n\n\n\n<h2 class=\"wp-block-heading\">Ce que signifie le RTP dans les jeux Plinko<\/h2>\n\n\n\n<p>Le RTP (Return to Player) est un chiffre souvent n\u00e9glig\u00e9, mais qui sert de boussole lorsque vous jouez. Sur certaines versions comme <a href=\"https:\/\/benin-melbet.com\/fr\/games\/plinko\">MelBet Plinko<\/a>, ce pourcentage est explicitement affich\u00e9, ce qui aide \u00e0 mieux comprendre \u00e0 quoi vous attendre. Il indique, sous forme de pourcentage, combien vous pouvez r\u00e9cup\u00e9rer de vos mises au fil du temps. Un jeu de Plinko avec un RTP de 97 % ne garantit pas des gains massifs \u00e0 chaque session, mais vous perdez moins \u00e0 long terme qu&rsquo;avec un jeu \u00e0 91 %.<\/p>\n\n\n\n<p>Consid\u00e9rez le RTP comme la marge de la maison invers\u00e9e. Plus le RTP est \u00e9lev\u00e9, plus les chances sont favorables au joueur. Bien s\u00fbr, cela ne garantit pas le profit &#8211; il ne s&rsquo;agit pas d&rsquo;\u00e9checs, mais de Plinko. Cependant, ceux qui comprennent cette diff\u00e9rence ont tendance \u00e0 contr\u00f4ler et \u00e0 prolonger leur session. En fin de compte, c&rsquo;est ce qui diff\u00e9rencie une bonne session de la plus courte session co\u00fbteuse.<\/p>\n\n\n\n<figure class=\"wp-block-image\"><img decoding=\"async\" src=\"https:\/\/lh7-rt.googleusercontent.com\/docsz\/AD_4nXdXyHUCZVOyZSOCQ7IBolJ3L6SZrYxk7FTvSWZVDITB9IdWkH1FHKf4ODk-lU2sDEue2kN6AUB8TeFNxIiaMoyIThT2rXjuWRpLrHATNl7hqkEYRAeWMOGOeBnIPj_npKocfyStJA?key=wG1Ky5k3pmqAlFz5Jicb0g\" alt=\"\"\/><\/figure>\n\n\n\n<p><a href=\"https:\/\/www.freepik.com\/free-photo\/super-hero-businessman-red-cape-wearing-crown-using-smartphone-looking-screen-going-wild-crazy-angry-standing-green-background_12204221.htm#fromView=search&amp;page=3&amp;position=48&amp;uuid=f8eda81a-69e8-47f8-a5f9-d7e347f3ca62&amp;query=%D0%BA%D0%B0%D0%B7%D0%B8%D0%BD%D0%BE+%D0%BE%D0%BD%D0%BB%D0%B0%D0%B9%D0%BD+%D0%BF%D0%BB%D1%96%D0%BD%D0%BA%D0%BE\"><\/a><\/p>\n\n\n\n<h2 class=\"wp-block-heading\">Pourquoi le RTP est-il plus \u00e9lev\u00e9 dans certaines versions de Plinko ?<\/h2>\n\n\n\n<p>Tous les jeux Plinko ne sont pas \u00e9gaux. Vous trouverez des versions o\u00f9 le <a href=\"https:\/\/en.wikipedia.org\/wiki\/Return_to_player\">RTP<\/a> fr\u00f4le les 98 %, et d&rsquo;autres o\u00f9 il peine \u00e0 d\u00e9passer les 93 %. Quelle est la diff\u00e9rence ? La plupart du temps, le contr\u00f4le, l&rsquo;\u00e9quilibre et la conception technique de la structure du jeu suffisent.<\/p>\n\n\n\n<p>Voici ce qui peut faire grimper le RTP en votre faveur :<\/p>\n\n\n\n<ul class=\"wp-block-list\">\n<li>Les param\u00e8tres \u00e0 risque moyen constituent un point id\u00e9al pour obtenir des gains r\u00e9guliers et minimes, tout en \u00e9vitant une volatilit\u00e9 p\u00e9nalisante.<\/li>\n\n\n\n<li>Un plus grand nombre de rang\u00e9es permet plus de nuances : La complexit\u00e9 de l&rsquo;\u00e9quilibre RTP de 12 \u00e0 16 lignes optimise la distribution du RTP.<\/li>\n\n\n\n<li>BGaming ou Spribe Studios sont des fournisseurs de confiance qui ont tendance \u00e0 publier ouvertement des designs \u00e0 RTP \u00e9lev\u00e9.<\/li>\n\n\n\n<li>Les syst\u00e8mes d&rsquo;\u00e9quit\u00e9 soutenus par la blockchain ont tendance \u00e0 pousser le RTP vers des marges plus \u00e9lev\u00e9es afin de gagner la confiance des joueurs et de s&rsquo;attirer leurs faveurs en retour.<\/li>\n<\/ul>\n\n\n\n<p>\u00c0 premi\u00e8re vue, ces facteurs semblent subtils ou mineurs. Quoi qu&rsquo;il en soit, les joueurs avis\u00e9s qui d\u00e9couvrent ces secrets peuvent constamment exploiter les bons tableaux et maintenir des sessions de jeu plus longues.<\/p>\n\n\n\n<h2 class=\"wp-block-heading\">Comprendre les param\u00e8tres du jeu qui affectent le RTP<\/h2>\n\n\n\n<p>Toutes les configurations de Plinko ne sont pas \u00e9quitables. Des \u00e9l\u00e9ments tels que les niveaux de risque, le nombre de rang\u00e9es et la disposition g\u00e9n\u00e9rale manipulent invisiblement les probabilit\u00e9s. Il est essentiel de le souligner : ces d\u00e9tails semblent minimes, mais ils peuvent modifier en un clin d&rsquo;\u0153il la trajectoire de vos gains, surtout si vous n&rsquo;y \u00eates pas pr\u00e9par\u00e9.<\/p>\n\n\n\n<h3 class=\"wp-block-heading\">Impact du niveau de risque<\/h3>\n\n\n\n<p>Le niveau de risque modifie les caract\u00e9ristiques du jeu. Avec des \u00e9l\u00e9ments moins risqu\u00e9s, vous obtenez des gains plus modestes qui vous permettent de poursuivre le jeu. Le jeu est plus \u00e9quilibr\u00e9, moins intense et n&rsquo;\u00e9puisera pas votre bankroll en cinq minutes. Il est toutefois plus explosif lorsque le risque est \u00e9lev\u00e9.<\/p>\n\n\n\n<p>En augmentant la cadence, on accro\u00eet le risque et on r\u00e9duit les zones de s\u00e9curit\u00e9. R\u00e9duire les r\u00e9compenses de niveau interm\u00e9diaire et augmenter les r\u00e9compenses de niveau sup\u00e9rieur. Le RTP global diminue pendant cette phase, ce qui parais irrationnel. L&rsquo;adr\u00e9naline l&#8217;emporte sur la raison. Les joueurs qui cherchent \u00e0 obtenir des gains importants en prenant un risque maximum ne jouent pas toujours de fa\u00e7on intelligente, mais plut\u00f4t de fa\u00e7on bruyante.<\/p>\n\n\n\n<h3 class=\"wp-block-heading\">R\u00f4le du nombre de rang\u00e9es<\/h3>\n\n\n\n<p>Plus il y a de rang\u00e9es, plus il y a de d\u00e9sordre. Avec un tableau de 8 rang\u00e9es, les choses sont ordonn\u00e9es. Une planche \u00e0 16 rang\u00e9es serait chaotique. Des drops plus longs donnent plus d&rsquo;\u00e9nergie \u00e0 chaque rebond. Bien qu&rsquo;il soit plus chaotique, il est satisfaisant si vous \u00eates conscient de vos attentes.<\/p>\n\n\n\n<p>Ce n&rsquo;est pas pour rien que les jeux ayant un RTP \u00e9lev\u00e9 comportent souvent 12 \u00e0 16 rang\u00e9es. Cette r\u00e9partition plus large augmente le risque, mais permet aux d\u00e9veloppeurs de jeux d&rsquo;affiner les probabilit\u00e9s. L&rsquo;\u00e9quilibre entre le risque et la r\u00e9compense : plus la chute est importante, plus le plaisir est grand.<\/p>\n\n\n\n<figure class=\"wp-block-image\"><img decoding=\"async\" src=\"https:\/\/lh7-rt.googleusercontent.com\/docsz\/AD_4nXdiWvmfT9vr1QKq9xUd2RkVaVOeohU0nmKwjIYb6hZ7GExU6ns7tTtbQQH7AHYOYax1V2AHHZYsOvCivZEOza9gZlY3d-PDUX0pZu8p8Tr2JQmPVEj24tsnrcIadMOWEkmGtHveDw?key=wG1Ky5k3pmqAlFz5Jicb0g\" alt=\"\"\/><\/figure>\n\n\n\n<p><a href=\"https:\/\/www.freepik.com\/premium-photo\/woman-holding-cell-phone_262916902.htm#fromView=search&amp;page=4&amp;position=44&amp;uuid=f8eda81a-69e8-47f8-a5f9-d7e347f3ca62&amp;query=%D0%BA%D0%B0%D0%B7%D0%B8%D0%BD%D0%BE+%D0%BE%D0%BD%D0%BB%D0%B0%D0%B9%D0%BD+%D0%BF%D0%BB%D1%96%D0%BD%D0%BA%D0%BE\"><\/a><\/p>\n\n\n\n<h2 class=\"wp-block-heading\">Comment rep\u00e9rer les jeux Plinko \u00e0 RTP \u00e9lev\u00e9 ?<\/h2>\n\n\n\n<p>Les jeux \u00e0 RTP \u00e9lev\u00e9 sont fr\u00e9quemment plus difficiles \u00e0 trouver. Un simple examen de l&rsquo;onglet d&rsquo;information et des statistiques publi\u00e9es peut suffire. Un RTP de 97 % implique que le jeu n&rsquo;est pas truqu\u00e9 en faveur de la maison.<\/p>\n\n\n\n<p>Tenez-vous-en \u00e0 des d\u00e9veloppeurs comme BGaming ou Spribe. Ils int\u00e8grent la transparence dans leurs m\u00e9canismes. Si deux tableaux se ressemblent, choisissez celui dont les chiffres sont fiables. C&rsquo;est le pari le plus intelligent.<\/p>\n\n\n\n<h2 class=\"wp-block-heading\">Ce dont les joueurs intelligents se souviennent toujours<\/h2>\n\n\n\n<p>Le RTP n&rsquo;est pas magique, c&rsquo;est un guide. Il ne vous assure pas un profit, mais il vous aide \u00e0 maintenir votre strat\u00e9gie \u00e9quitable. Les profiteurs connaissent toujours les configurations, observent les param\u00e8tres et ne jouent jamais sans se poser de questions. Lorsque le jeton tombe, c&rsquo;est d\u00e9j\u00e0 le reflet des d\u00e9cisions prises.<\/p>\n","protected":false},"excerpt":{"rendered":"<p>La premi\u00e8re fois que vous laissez tomber un jeton de Plinko et que vous entendez des clics aigus r\u00e9sonner sur le plateau, vous \u00eates compl\u00e8tement accroch\u00e9. C&rsquo;est une acc\u00e9l\u00e9ration chaotique compl\u00e8te sous forme de kal\u00e9idoscope. Chaque rebond de la puce ne dure qu&rsquo;une microseconde, mais on a l&rsquo;impression d&rsquo;une mont\u00e9e d&rsquo;adr\u00e9naline en chute libre. Cependant, &#8230; <a title=\"Explorer Plinko \u00e0 RTP \u00e9lev\u00e9 : ce qu\u2019il faut savoir avant de jouer\" class=\"read-more\" href=\"https:\/\/www.grandseducteur.com\/blog\/plinko-a-rtp-eleve-guide-rapide-avant-de-jouer\/\" aria-label=\"En savoir plus sur Explorer Plinko \u00e0 RTP \u00e9lev\u00e9 : ce qu\u2019il faut savoir avant de jouer\">Lire plus<\/a><\/p>\n","protected":false},"author":2,"featured_media":28009,"parent":0,"menu_order":0,"comment_status":"closed","ping_status":"closed","template":"","meta":{"footnotes":""},"class_list":["post-28006","page","type-page","status-publish","has-post-thumbnail"],"yoast_head":"<!-- This site is optimized with the Yoast SEO plugin v26.8 - https:\/\/yoast.com\/product\/yoast-seo-wordpress\/ -->\n<title>Plinko \u00e0 RTP \u00e9lev\u00e9 : Guide rapide avant de jouer<\/title>\n<meta name=\"description\" content=\"Apprenez \u00e0 choisir un Plinko \u00e0 RTP \u00e9lev\u00e9 pour jouer plus intelligemment. Param\u00e8tres, risques, d\u00e9veloppeurs : tout ce qu\u2019il faut savoir avant de commencer.\" \/>\n<meta name=\"robots\" content=\"index, follow, max-snippet:-1, max-image-preview:large, max-video-preview:-1\" \/>\n<link rel=\"canonical\" href=\"https:\/\/www.grandseducteur.com\/blog\/plinko-a-rtp-eleve-guide-rapide-avant-de-jouer\/\" \/>\n<meta property=\"og:locale\" content=\"fr_FR\" \/>\n<meta property=\"og:type\" content=\"article\" \/>\n<meta property=\"og:title\" content=\"Plinko \u00e0 RTP \u00e9lev\u00e9 : Guide rapide avant de jouer\" \/>\n<meta property=\"og:description\" content=\"Apprenez \u00e0 choisir un Plinko \u00e0 RTP \u00e9lev\u00e9 pour jouer plus intelligemment. Param\u00e8tres, risques, d\u00e9veloppeurs : tout ce qu\u2019il faut savoir avant de commencer.\" \/>\n<meta property=\"og:url\" content=\"https:\/\/www.grandseducteur.com\/blog\/plinko-a-rtp-eleve-guide-rapide-avant-de-jouer\/\" \/>\n<meta property=\"article:modified_time\" content=\"2025-07-02T07:03:54+00:00\" \/>\n<meta property=\"og:image\" content=\"https:\/\/www.grandseducteur.com\/blog\/wp-content\/uploads\/2025\/07\/unnamed-1.jpg\" \/>\n\t<meta property=\"og:image:width\" content=\"785\" \/>\n\t<meta property=\"og:image:height\" content=\"515\" \/>\n\t<meta property=\"og:image:type\" content=\"image\/jpeg\" \/>\n<meta name=\"twitter:card\" content=\"summary_large_image\" \/>\n<meta name=\"twitter:label1\" content=\"Dur\u00e9e de lecture estim\u00e9e\" \/>\n\t<meta name=\"twitter:data1\" content=\"6 minutes\" \/>\n<script type=\"application\/ld+json\" class=\"yoast-schema-graph\">{\"@context\":\"https:\/\/schema.org\",\"@graph\":[{\"@type\":\"WebPage\",\"@id\":\"https:\/\/www.grandseducteur.com\/blog\/plinko-a-rtp-eleve-guide-rapide-avant-de-jouer\/\",\"url\":\"https:\/\/www.grandseducteur.com\/blog\/plinko-a-rtp-eleve-guide-rapide-avant-de-jouer\/\",\"name\":\"Plinko \u00e0 RTP \u00e9lev\u00e9 : Guide rapide avant de jouer\",\"isPartOf\":{\"@id\":\"https:\/\/www.grandseducteur.com\/blog\/#website\"},\"primaryImageOfPage\":{\"@id\":\"https:\/\/www.grandseducteur.com\/blog\/plinko-a-rtp-eleve-guide-rapide-avant-de-jouer\/#primaryimage\"},\"image\":{\"@id\":\"https:\/\/www.grandseducteur.com\/blog\/plinko-a-rtp-eleve-guide-rapide-avant-de-jouer\/#primaryimage\"},\"thumbnailUrl\":\"https:\/\/www.grandseducteur.com\/blog\/wp-content\/uploads\/2025\/07\/unnamed-1.jpg\",\"datePublished\":\"2025-07-02T07:02:46+00:00\",\"dateModified\":\"2025-07-02T07:03:54+00:00\",\"description\":\"Apprenez \u00e0 choisir un Plinko \u00e0 RTP \u00e9lev\u00e9 pour jouer plus intelligemment. Param\u00e8tres, risques, d\u00e9veloppeurs : tout ce qu\u2019il faut savoir avant de commencer.\",\"breadcrumb\":{\"@id\":\"https:\/\/www.grandseducteur.com\/blog\/plinko-a-rtp-eleve-guide-rapide-avant-de-jouer\/#breadcrumb\"},\"inLanguage\":\"fr-FR\",\"potentialAction\":[{\"@type\":\"ReadAction\",\"target\":[\"https:\/\/www.grandseducteur.com\/blog\/plinko-a-rtp-eleve-guide-rapide-avant-de-jouer\/\"]}]},{\"@type\":\"ImageObject\",\"inLanguage\":\"fr-FR\",\"@id\":\"https:\/\/www.grandseducteur.com\/blog\/plinko-a-rtp-eleve-guide-rapide-avant-de-jouer\/#primaryimage\",\"url\":\"https:\/\/www.grandseducteur.com\/blog\/wp-content\/uploads\/2025\/07\/unnamed-1.jpg\",\"contentUrl\":\"https:\/\/www.grandseducteur.com\/blog\/wp-content\/uploads\/2025\/07\/unnamed-1.jpg\",\"width\":785,\"height\":515},{\"@type\":\"BreadcrumbList\",\"@id\":\"https:\/\/www.grandseducteur.com\/blog\/plinko-a-rtp-eleve-guide-rapide-avant-de-jouer\/#breadcrumb\",\"itemListElement\":[{\"@type\":\"ListItem\",\"position\":1,\"name\":\"La bible de la s\u00e9duction\",\"item\":\"https:\/\/www.grandseducteur.com\/blog\/\"},{\"@type\":\"ListItem\",\"position\":2,\"name\":\"Explorer Plinko \u00e0 RTP \u00e9lev\u00e9 : ce qu\u2019il faut savoir avant de jouer\"}]},{\"@type\":\"WebSite\",\"@id\":\"https:\/\/www.grandseducteur.com\/blog\/#website\",\"url\":\"https:\/\/www.grandseducteur.com\/blog\/\",\"name\":\"grand seducteur\",\"description\":\"La bible de la s\u00e9duction\",\"publisher\":{\"@id\":\"https:\/\/www.grandseducteur.com\/blog\/#organization\"},\"potentialAction\":[{\"@type\":\"SearchAction\",\"target\":{\"@type\":\"EntryPoint\",\"urlTemplate\":\"https:\/\/www.grandseducteur.com\/blog\/?s={search_term_string}\"},\"query-input\":{\"@type\":\"PropertyValueSpecification\",\"valueRequired\":true,\"valueName\":\"search_term_string\"}}],\"inLanguage\":\"fr-FR\"},{\"@type\":\"Organization\",\"@id\":\"https:\/\/www.grandseducteur.com\/blog\/#organization\",\"name\":\"Grand Seducteur\",\"url\":\"https:\/\/www.grandseducteur.com\/blog\/\",\"logo\":{\"@type\":\"ImageObject\",\"inLanguage\":\"fr-FR\",\"@id\":\"https:\/\/www.grandseducteur.com\/blog\/#\/schema\/logo\/image\/\",\"url\":\"\",\"contentUrl\":\"\",\"caption\":\"Grand Seducteur\"},\"image\":{\"@id\":\"https:\/\/www.grandseducteur.com\/blog\/#\/schema\/logo\/image\/\"},\"sameAs\":[\"https:\/\/pin.it\/3AhRp8y\"]}]}<\/script>\n<!-- \/ Yoast SEO plugin. -->","yoast_head_json":{"title":"Plinko \u00e0 RTP \u00e9lev\u00e9 : Guide rapide avant de jouer","description":"Apprenez \u00e0 choisir un Plinko \u00e0 RTP \u00e9lev\u00e9 pour jouer plus intelligemment. Param\u00e8tres, risques, d\u00e9veloppeurs : tout ce qu\u2019il faut savoir avant de commencer.","robots":{"index":"index","follow":"follow","max-snippet":"max-snippet:-1","max-image-preview":"max-image-preview:large","max-video-preview":"max-video-preview:-1"},"canonical":"https:\/\/www.grandseducteur.com\/blog\/plinko-a-rtp-eleve-guide-rapide-avant-de-jouer\/","og_locale":"fr_FR","og_type":"article","og_title":"Plinko \u00e0 RTP \u00e9lev\u00e9 : Guide rapide avant de jouer","og_description":"Apprenez \u00e0 choisir un Plinko \u00e0 RTP \u00e9lev\u00e9 pour jouer plus intelligemment. Param\u00e8tres, risques, d\u00e9veloppeurs : tout ce qu\u2019il faut savoir avant de commencer.","og_url":"https:\/\/www.grandseducteur.com\/blog\/plinko-a-rtp-eleve-guide-rapide-avant-de-jouer\/","article_modified_time":"2025-07-02T07:03:54+00:00","og_image":[{"width":785,"height":515,"url":"https:\/\/www.grandseducteur.com\/blog\/wp-content\/uploads\/2025\/07\/unnamed-1.jpg","type":"image\/jpeg"}],"twitter_card":"summary_large_image","twitter_misc":{"Dur\u00e9e de lecture estim\u00e9e":"6 minutes"},"schema":{"@context":"https:\/\/schema.org","@graph":[{"@type":"WebPage","@id":"https:\/\/www.grandseducteur.com\/blog\/plinko-a-rtp-eleve-guide-rapide-avant-de-jouer\/","url":"https:\/\/www.grandseducteur.com\/blog\/plinko-a-rtp-eleve-guide-rapide-avant-de-jouer\/","name":"Plinko \u00e0 RTP \u00e9lev\u00e9 : Guide rapide avant de jouer","isPartOf":{"@id":"https:\/\/www.grandseducteur.com\/blog\/#website"},"primaryImageOfPage":{"@id":"https:\/\/www.grandseducteur.com\/blog\/plinko-a-rtp-eleve-guide-rapide-avant-de-jouer\/#primaryimage"},"image":{"@id":"https:\/\/www.grandseducteur.com\/blog\/plinko-a-rtp-eleve-guide-rapide-avant-de-jouer\/#primaryimage"},"thumbnailUrl":"https:\/\/www.grandseducteur.com\/blog\/wp-content\/uploads\/2025\/07\/unnamed-1.jpg","datePublished":"2025-07-02T07:02:46+00:00","dateModified":"2025-07-02T07:03:54+00:00","description":"Apprenez \u00e0 choisir un Plinko \u00e0 RTP \u00e9lev\u00e9 pour jouer plus intelligemment. Param\u00e8tres, risques, d\u00e9veloppeurs : tout ce qu\u2019il faut savoir avant de commencer.","breadcrumb":{"@id":"https:\/\/www.grandseducteur.com\/blog\/plinko-a-rtp-eleve-guide-rapide-avant-de-jouer\/#breadcrumb"},"inLanguage":"fr-FR","potentialAction":[{"@type":"ReadAction","target":["https:\/\/www.grandseducteur.com\/blog\/plinko-a-rtp-eleve-guide-rapide-avant-de-jouer\/"]}]},{"@type":"ImageObject","inLanguage":"fr-FR","@id":"https:\/\/www.grandseducteur.com\/blog\/plinko-a-rtp-eleve-guide-rapide-avant-de-jouer\/#primaryimage","url":"https:\/\/www.grandseducteur.com\/blog\/wp-content\/uploads\/2025\/07\/unnamed-1.jpg","contentUrl":"https:\/\/www.grandseducteur.com\/blog\/wp-content\/uploads\/2025\/07\/unnamed-1.jpg","width":785,"height":515},{"@type":"BreadcrumbList","@id":"https:\/\/www.grandseducteur.com\/blog\/plinko-a-rtp-eleve-guide-rapide-avant-de-jouer\/#breadcrumb","itemListElement":[{"@type":"ListItem","position":1,"name":"La bible de la s\u00e9duction","item":"https:\/\/www.grandseducteur.com\/blog\/"},{"@type":"ListItem","position":2,"name":"Explorer Plinko \u00e0 RTP \u00e9lev\u00e9 : ce qu\u2019il faut savoir avant de jouer"}]},{"@type":"WebSite","@id":"https:\/\/www.grandseducteur.com\/blog\/#website","url":"https:\/\/www.grandseducteur.com\/blog\/","name":"grand seducteur","description":"La bible de la s\u00e9duction","publisher":{"@id":"https:\/\/www.grandseducteur.com\/blog\/#organization"},"potentialAction":[{"@type":"SearchAction","target":{"@type":"EntryPoint","urlTemplate":"https:\/\/www.grandseducteur.com\/blog\/?s={search_term_string}"},"query-input":{"@type":"PropertyValueSpecification","valueRequired":true,"valueName":"search_term_string"}}],"inLanguage":"fr-FR"},{"@type":"Organization","@id":"https:\/\/www.grandseducteur.com\/blog\/#organization","name":"Grand Seducteur","url":"https:\/\/www.grandseducteur.com\/blog\/","logo":{"@type":"ImageObject","inLanguage":"fr-FR","@id":"https:\/\/www.grandseducteur.com\/blog\/#\/schema\/logo\/image\/","url":"","contentUrl":"","caption":"Grand Seducteur"},"image":{"@id":"https:\/\/www.grandseducteur.com\/blog\/#\/schema\/logo\/image\/"},"sameAs":["https:\/\/pin.it\/3AhRp8y"]}]}},"_links":{"self":[{"href":"https:\/\/www.grandseducteur.com\/blog\/wp-json\/wp\/v2\/pages\/28006","targetHints":{"allow":["GET"]}}],"collection":[{"href":"https:\/\/www.grandseducteur.com\/blog\/wp-json\/wp\/v2\/pages"}],"about":[{"href":"https:\/\/www.grandseducteur.com\/blog\/wp-json\/wp\/v2\/types\/page"}],"author":[{"embeddable":true,"href":"https:\/\/www.grandseducteur.com\/blog\/wp-json\/wp\/v2\/users\/2"}],"replies":[{"embeddable":true,"href":"https:\/\/www.grandseducteur.com\/blog\/wp-json\/wp\/v2\/comments?post=28006"}],"version-history":[{"count":1,"href":"https:\/\/www.grandseducteur.com\/blog\/wp-json\/wp\/v2\/pages\/28006\/revisions"}],"predecessor-version":[{"id":28007,"href":"https:\/\/www.grandseducteur.com\/blog\/wp-json\/wp\/v2\/pages\/28006\/revisions\/28007"}],"wp:featuredmedia":[{"embeddable":true,"href":"https:\/\/www.grandseducteur.com\/blog\/wp-json\/wp\/v2\/media\/28009"}],"wp:attachment":[{"href":"https:\/\/www.grandseducteur.com\/blog\/wp-json\/wp\/v2\/media?parent=28006"}],"curies":[{"name":"wp","href":"https:\/\/api.w.org\/{rel}","templated":true}]}}